{"id":2978,"date":"2025-02-07T08:24:44","date_gmt":"2025-02-07T07:24:44","guid":{"rendered":"https:\/\/vof-sartbernard.be\/site\/?page_id=2978"},"modified":"2025-06-06T12:00:17","modified_gmt":"2025-06-06T10:00:17","slug":"vide-grenier-18-mai-2025","status":"publish","type":"page","link":"https:\/\/vof-sartbernard.be\/site\/vide-grenier-18-mai-2025\/","title":{"rendered":"Vide-grenier (18 mai 2025)"},"content":{"rendered":"\n<p><\/p>\n\n\n\n<p class=\"has-text-align-center has-colibri-color-5-color has-colibri-color-1-background-color has-text-color has-background has-link-color wp-elements-45eaf44c11608bf3dcfd64bb17fadc52\" style=\"font-size:30px\">Le vide-grenier organis\u00e9 par le comit\u00e9 VOF de Sart-Bernard s&rsquo;est d\u00e9roul\u00e9 le 18 mai 2025, de 8h30 \u00e0 16h. Vous pouvez d\u00e9couvrir ci-dessous un plan du village o\u00f9 sont r\u00e9pertori\u00e9es les maisons des participants.<\/p>\n\n\n\n<div style=\"height:62px\" aria-hidden=\"true\" class=\"wp-block-spacer\"><\/div>\n\n\n\n<p class=\"has-text-align-left\" style=\"font-size:26px\"><strong>Nombre d&rsquo;inscrits en date du 14 mai 2025 : 125 <\/strong><br><br>La carte est \u00e0 jour: cliquez sur l&rsquo;\u00e9pingle pour afficher l&rsquo;adresse.<\/p>\n\n\n\n<iframe loading=\"lazy\" src=\"https:\/\/www.google.com\/maps\/d\/embed?mid=1ennMf7CnyJ1kp6Kj0tTfC2LwXQP31d0&#038;hl=fr&#038;ehbc=2E312F\" width=\"1280\" height=\"960\"><\/iframe>\n\n\n\n<div style=\"height:100px\" aria-hidden=\"true\" class=\"wp-block-spacer\"><\/div>\n\n\n\n<div style=\"height:56px\" aria-hidden=\"true\" class=\"wp-block-spacer\"><\/div>\n\n\n\n<p style=\"font-size:28px\"><\/p>\n","protected":false},"excerpt":{"rendered":"<p>Le vide-grenier organis\u00e9 par le comit\u00e9 VOF de Sart-Bernard s&rsquo;est d\u00e9roul\u00e9 le 18 mai 2025, de 8h30 \u00e0 16h. Vous pouvez d\u00e9couvrir ci-dessous un plan du village o\u00f9 sont r\u00e9pertori\u00e9es les maisons des participants. Nombre d&rsquo;inscrits en date du 14 mai 2025 : 125 La carte est \u00e0 jour: cliquez sur l&rsquo;\u00e9pingle pour afficher l&rsquo;adresse.<\/p>\n","protected":false},"author":1,"featured_media":0,"parent":0,"menu_order":0,"comment_status":"closed","ping_status":"closed","template":"","meta":{"ngg_post_thumbnail":0,"footnotes":""},"_links":{"self":[{"href":"https:\/\/vof-sartbernard.be\/site\/wp-json\/wp\/v2\/pages\/2978"}],"collection":[{"href":"https:\/\/vof-sartbernard.be\/site\/wp-json\/wp\/v2\/pages"}],"about":[{"href":"https:\/\/vof-sartbernard.be\/site\/wp-json\/wp\/v2\/types\/page"}],"author":[{"embeddable":true,"href":"https:\/\/vof-sartbernard.be\/site\/wp-json\/wp\/v2\/users\/1"}],"replies":[{"embeddable":true,"href":"https:\/\/vof-sartbernard.be\/site\/wp-json\/wp\/v2\/comments?post=2978"}],"version-history":[{"count":40,"href":"https:\/\/vof-sartbernard.be\/site\/wp-json\/wp\/v2\/pages\/2978\/revisions"}],"predecessor-version":[{"id":3129,"href":"https:\/\/vof-sartbernard.be\/site\/wp-json\/wp\/v2\/pages\/2978\/revisions\/3129"}],"wp:attachment":[{"href":"https:\/\/vof-sartbernard.be\/site\/wp-json\/wp\/v2\/media?parent=2978"}],"curies":[{"name":"wp","href":"https:\/\/api.w.org\/{rel}","templated":true}]}}